{"id":4697,"date":"2025-11-17T02:32:57","date_gmt":"2025-11-17T01:32:57","guid":{"rendered":"https:\/\/pruebas.fdbible.org\/?page_id=4697"},"modified":"2025-11-26T21:19:15","modified_gmt":"2025-11-26T20:19:15","slug":"executive-leadership-team","status":"publish","type":"page","link":"https:\/\/pruebas.fdbible.org\/en\/executive-leadership-team\/","title":{"rendered":"EXECUTIVE LEADERSHIP TEAM"},"content":{"rendered":"<div class=\"wpb-content-wrapper\"><p>[vc_row tlg_padding=&#8221;pt0 pb0&#8243; css=&#8221;.vc_custom_1759696966146{padding-top: 50px !important;}&#8221;][vc_column][vc_column_text css=&#8221;&#8221;]<\/p>\n<p style=\"text-align: left;\">The FDB\u2019s Board of Trustees makes decisions and ensures that foundational objectives are completed. The Board of Trustees administrates goods and intellectual rights, which are a part of the estate of the Foundation; they look after the maintenance and utility of the goods and rights. The Board of Trustees can designate Consulting Boards and Commissions of study, and can be assisted by Contributors who desire to carry out the work and objectives of the Foundation.  <\/p>\n<p>[\/vc_column_text][\/vc_column][\/vc_row][vc_row tlg_padding=&#8221;pb0&#8243;][vc_column]<div class=\"headings-title\"><div class=\"mb72 mb-xs-40 text-left\"><h5  class=\"widgettitle mb0\">BOARD OF TRUSTEES<\/h5><div class=\"divider-wrap\"><div class=\"tlg-divider\"><\/div><\/div><\/div><\/div>[vc_column_text css=&#8221;.vc_custom_1759697184739{margin-top: -60px !important;}&#8221;]<\/p>\n<p class=\"rtejustify\">The Founder of the Foundation, Xo\u00e1n Manuel Neira P\u00e9rez, has appointed the Board of Trustees. This small board of Trustees was appointed to start up the first works of the Foundation. The idea of the Board of Trustees is to increase the number of leader executives who agree with the development of the mission of the Foundation. <\/p>\n<p class=\"rtejustify\">According to Articles 14 and 15 of the Fundaci\u00f3n Digital Bible\u2019s Statute, the President has proceed with the renewal of the Board of Trustees and with the appointments for the positions of Secretary and Vice-President. Therefore Prof. Ciriaco Arroyo and Prof. Teresa Zulaica have been renewed in their positions as Trustees. Prof. Arroyo has also been renewed as Vice-President and Prof. Zulaica has been also renewed as Secretary. Both of them has accepted their renewal, and Fundaci\u00f3n Digital Bible has informed to the Protectorado de Fundaciones that a new Board of Trustees has been created and will be active until April 21, 2021.  <\/p>\n<p>[\/vc_column_text][\/vc_column][\/vc_row][vc_row full_width=&#8221;stretch_row&#8221; tlg_background_style=&#8221;bg-secondary&#8221;][vc_column]<div class=\"tlg-spacer\" data-height=\"72\" data-height-tablet=\"72\" data-height-mobile=\"32\" style=\"clear:both;display:block;height:72px;\"><\/div><div class=\"headings-title\"><div class=\"mb72  mb-xs-40 text-center\"><h5  class=\"widgettitle \">MEMBERS OF THE BOARD OF TRUSTEES<\/h5><div class=\"divider-wrap\"><i  class=\"ti-shield\"><\/i><div class=\"tlg-divider\"><\/div><\/div><\/div><\/div><div id=\"team-69ff4bc6ac50a\"><div class=\" row\"><div class=\"col-md-4 col-sm-6 p0 org-col\">\n    <div class=\"image-box inner-title hover-reveal text-center mb0\">\n        <img loading=\"lazy\" decoding=\"async\" width=\"644\" height=\"644\" src=\"https:\/\/pruebas.fdbible.org\/wp-content\/uploads\/2015\/12\/Xoan_Neira.jpeg\" class=\"attachment-full size-full wp-post-image\" alt=\"\" srcset=\"https:\/\/pruebas.fdbible.org\/wp-content\/uploads\/2015\/12\/Xoan_Neira.jpeg 644w, https:\/\/pruebas.fdbible.org\/wp-content\/uploads\/2015\/12\/Xoan_Neira-300x300.jpeg 300w, https:\/\/pruebas.fdbible.org\/wp-content\/uploads\/2015\/12\/Xoan_Neira-150x150.jpeg 150w, https:\/\/pruebas.fdbible.org\/wp-content\/uploads\/2015\/12\/Xoan_Neira-60x60.jpeg 60w, https:\/\/pruebas.fdbible.org\/wp-content\/uploads\/2015\/12\/Xoan_Neira-600x600.jpeg 600w, https:\/\/pruebas.fdbible.org\/wp-content\/uploads\/2015\/12\/Xoan_Neira-100x100.jpeg 100w\" sizes=\"auto, (max-width: 644px) 100vw, 644px\" \/>        <div class=\"title\">\n            <h4 class=\"mb0\">\n            Xo\u00e1n M. Neira P\u00e9rez            <\/h4>\n            <span>Founder and Chair<\/span>                                <\/div>\n    <\/div>\n<\/div><div class=\"col-md-4 col-sm-6 p0 org-col\">\n    <div class=\"image-box inner-title hover-reveal text-center mb0\">\n        <img loading=\"lazy\" decoding=\"async\" width=\"644\" height=\"644\" src=\"https:\/\/pruebas.fdbible.org\/wp-content\/uploads\/2015\/12\/Barroso.jpeg\" class=\"attachment-full size-full wp-post-image\" alt=\"\" srcset=\"https:\/\/pruebas.fdbible.org\/wp-content\/uploads\/2015\/12\/Barroso.jpeg 644w, https:\/\/pruebas.fdbible.org\/wp-content\/uploads\/2015\/12\/Barroso-300x300.jpeg 300w, https:\/\/pruebas.fdbible.org\/wp-content\/uploads\/2015\/12\/Barroso-150x150.jpeg 150w, https:\/\/pruebas.fdbible.org\/wp-content\/uploads\/2015\/12\/Barroso-60x60.jpeg 60w, https:\/\/pruebas.fdbible.org\/wp-content\/uploads\/2015\/12\/Barroso-600x600.jpeg 600w, https:\/\/pruebas.fdbible.org\/wp-content\/uploads\/2015\/12\/Barroso-100x100.jpeg 100w\" sizes=\"auto, (max-width: 644px) 100vw, 644px\" \/>        <div class=\"title\">\n            <h4 class=\"mb0\">\n            Jos\u00e9 Barroso Castro            <\/h4>\n            <span>Secretary<\/span>                                <\/div>\n    <\/div>\n<\/div><div class=\"col-md-4 col-sm-6 p0 org-col\">\n    <div class=\"image-box inner-title hover-reveal text-center mb0\">\n        <img loading=\"lazy\" decoding=\"async\" width=\"644\" height=\"644\" src=\"https:\/\/pruebas.fdbible.org\/wp-content\/uploads\/2015\/12\/David.jpeg\" class=\"attachment-full size-full wp-post-image\" alt=\"\" srcset=\"https:\/\/pruebas.fdbible.org\/wp-content\/uploads\/2015\/12\/David.jpeg 644w, https:\/\/pruebas.fdbible.org\/wp-content\/uploads\/2015\/12\/David-300x300.jpeg 300w, https:\/\/pruebas.fdbible.org\/wp-content\/uploads\/2015\/12\/David-150x150.jpeg 150w, https:\/\/pruebas.fdbible.org\/wp-content\/uploads\/2015\/12\/David-60x60.jpeg 60w, https:\/\/pruebas.fdbible.org\/wp-content\/uploads\/2015\/12\/David-600x600.jpeg 600w, https:\/\/pruebas.fdbible.org\/wp-content\/uploads\/2015\/12\/David-100x100.jpeg 100w\" sizes=\"auto, (max-width: 644px) 100vw, 644px\" \/>        <div class=\"title\">\n            <h4 class=\"mb0\">\n            David G\u00f3mez P\u00e9rez            <\/h4>\n            <span>Vice-Chair<\/span>                                <\/div>\n    <\/div>\n<\/div><\/div><div class=\"row\"><\/div><\/div>[\/vc_column][\/vc_row][vc_row tlg_padding=&#8221;pb0&#8243;][vc_column]<div class=\"headings-title\"><div class=\"mb72 mb-xs-40 text-left\"><h5  class=\"widgettitle mb0\">COMISSIONS AND ADVISORY BOARD<\/h5><div class=\"divider-wrap\"><div class=\"tlg-divider\"><\/div><\/div><\/div><\/div>[vc_column_text css=&#8221;.vc_custom_1759780804788{margin-top: -60px !important;}&#8221;]<\/p>\n<h5 class=\"rtejustify\"><strong>The Volunteers Office<\/strong><\/h5>\n<p class=\"rtejustify\">The Volunteers Office is an advisory board for the creation and monitoring of the eBible Volunteer\u2019s Plans. The Board of Trustees will designate the persons in charge of this Commission, and the President will finally approve those designations. <\/p>\n<h5 class=\"rtejustify\"><strong>Advisory Board for Research<\/strong><\/h5>\n<p class=\"rtejustify\">This Advisory Board has a collegiate function, which means that its duties are delegated from the Board of Trustees. This Advisory Board has an advisory nature for the support of the Foundation. Those persons who are renowned for their academic research and knowledge will become members of this Advisory Board for Research. These members will advice the Digital Bible Foundation, since they are involved with its principles and objectives. In addition, the Humanists of the eBible, the holders of eBible Fellowships, those Artists who contributed to the Foundation and promoted by the Board of Trustees, and finally those eBible Volunteers promoted by both the Director of Volunteers and the Board of Trustees can also become members of this Advisory Board for Research.  <\/p>\n<p>[\/vc_column_text][\/vc_column][\/vc_row][vc_row full_width=&#8221;stretch_row&#8221; tlg_background_style=&#8221;bg-secondary&#8221;][vc_column]<div class=\"tlg-spacer\" data-height=\"72\" data-height-tablet=\"72\" data-height-mobile=\"32\" style=\"clear:both;display:block;height:72px;\"><\/div><div class=\"headings-title\"><div class=\"mb72  mb-xs-40 text-center\"><h5  class=\"widgettitle \">CONTRIBUTORS<\/h5><div class=\"divider-wrap\"><i  class=\"ti-shield\"><\/i><div class=\"tlg-divider\"><\/div><\/div><\/div><\/div><div id=\"team-69ff4bc6ae4b7\"><div class=\" row\"><div class=\"col-md-4 col-sm-6 p0 org-col\">\n    <div class=\"image-box inner-title hover-reveal text-center mb0\">\n        <img loading=\"lazy\" decoding=\"async\" width=\"1024\" height=\"1024\" src=\"https:\/\/pruebas.fdbible.org\/wp-content\/uploads\/2025\/10\/Luis.png\" class=\"attachment-full size-full wp-post-image\" alt=\"\" srcset=\"https:\/\/pruebas.fdbible.org\/wp-content\/uploads\/2025\/10\/Luis.png 1024w, https:\/\/pruebas.fdbible.org\/wp-content\/uploads\/2025\/10\/Luis-300x300.png 300w, https:\/\/pruebas.fdbible.org\/wp-content\/uploads\/2025\/10\/Luis-150x150.png 150w, https:\/\/pruebas.fdbible.org\/wp-content\/uploads\/2025\/10\/Luis-768x768.png 768w, https:\/\/pruebas.fdbible.org\/wp-content\/uploads\/2025\/10\/Luis-60x60.png 60w, https:\/\/pruebas.fdbible.org\/wp-content\/uploads\/2025\/10\/Luis-600x600.png 600w, https:\/\/pruebas.fdbible.org\/wp-content\/uploads\/2025\/10\/Luis-100x100.png 100w\" sizes=\"auto, (max-width: 1024px) 100vw, 1024px\" \/>        <div class=\"title\">\n            <h4 class=\"mb0\">\n            Lu\u00eds \u00c1lvarez Fern\u00e1ndez            <\/h4>\n            <span>ILLUSTRATOR<\/span>                        \t<ul class=\"list-inline social-list social-icons text-center display-block-sm\">\n\t\t<li><a class=\"icon-tilinkedin\" href=\"https:\/\/es.linkedin.com\/in\/fray-luis-%C3%A1lvarez-fern%C3%A1ndez-2b934a111\" target=\"_blank\"><i class=\"icon ti-linkedin\"><\/i><\/a><\/li>\t<\/ul>\t\n        <\/div>\n    <\/div>\n<\/div><div class=\"col-md-4 col-sm-6 p0 org-col\">\n    <div class=\"image-box inner-title hover-reveal text-center mb0\">\n        <img loading=\"lazy\" decoding=\"async\" width=\"644\" height=\"644\" src=\"https:\/\/pruebas.fdbible.org\/wp-content\/uploads\/2025\/10\/Blanca.jpeg\" class=\"attachment-full size-full wp-post-image\" alt=\"\" srcset=\"https:\/\/pruebas.fdbible.org\/wp-content\/uploads\/2025\/10\/Blanca.jpeg 644w, https:\/\/pruebas.fdbible.org\/wp-content\/uploads\/2025\/10\/Blanca-300x300.jpeg 300w, https:\/\/pruebas.fdbible.org\/wp-content\/uploads\/2025\/10\/Blanca-150x150.jpeg 150w, https:\/\/pruebas.fdbible.org\/wp-content\/uploads\/2025\/10\/Blanca-60x60.jpeg 60w, https:\/\/pruebas.fdbible.org\/wp-content\/uploads\/2025\/10\/Blanca-600x600.jpeg 600w, https:\/\/pruebas.fdbible.org\/wp-content\/uploads\/2025\/10\/Blanca-100x100.jpeg 100w\" sizes=\"auto, (max-width: 644px) 100vw, 644px\" \/>        <div class=\"title\">\n            <h4 class=\"mb0\">\n            Blanca Gimeno Capmany            <\/h4>\n            <span>ILLUSTRATOR<\/span>                        \t<ul class=\"list-inline social-list social-icons text-center display-block-sm\">\n\t\t<li><a class=\"icon-tilinkedin\" href=\"https:\/\/www.linkedin.com\/profile\/view?id=AAkAAAar63YBtAgyFM7aDR0XuzStvT7o1cBHQ7Y&#038;authType=NAME_SEARCH&#038;authToken=smvi&#038;locale=es_E\" target=\"_blank\"><i class=\"icon ti-linkedin\"><\/i><\/a><\/li>\t<\/ul>\t\n        <\/div>\n    <\/div>\n<\/div><div class=\"col-md-4 col-sm-6 p0 org-col\">\n    <div class=\"image-box inner-title hover-reveal text-center mb0\">\n        <img loading=\"lazy\" decoding=\"async\" width=\"644\" height=\"644\" src=\"https:\/\/pruebas.fdbible.org\/wp-content\/uploads\/2025\/10\/Alex_Sirvent.jpeg\" class=\"attachment-full size-full wp-post-image\" alt=\"\" srcset=\"https:\/\/pruebas.fdbible.org\/wp-content\/uploads\/2025\/10\/Alex_Sirvent.jpeg 644w, https:\/\/pruebas.fdbible.org\/wp-content\/uploads\/2025\/10\/Alex_Sirvent-300x300.jpeg 300w, https:\/\/pruebas.fdbible.org\/wp-content\/uploads\/2025\/10\/Alex_Sirvent-150x150.jpeg 150w, https:\/\/pruebas.fdbible.org\/wp-content\/uploads\/2025\/10\/Alex_Sirvent-60x60.jpeg 60w, https:\/\/pruebas.fdbible.org\/wp-content\/uploads\/2025\/10\/Alex_Sirvent-600x600.jpeg 600w, https:\/\/pruebas.fdbible.org\/wp-content\/uploads\/2025\/10\/Alex_Sirvent-100x100.jpeg 100w\" sizes=\"auto, (max-width: 644px) 100vw, 644px\" \/>        <div class=\"title\">\n            <h4 class=\"mb0\">\n            Alejandro Sirvent Bart\u00f3n            <\/h4>\n            <span>MUSICIAN<\/span>                        \t<ul class=\"list-inline social-list social-icons text-center display-block-sm\">\n\t\t<li><a class=\"icon-fafahome\" href=\"https:\/\/es.wikipedia.org\/wiki\/Alex_Sirvent\" target=\"_blank\"><i class=\"icon fa fa-home\"><\/i><\/a><\/li><li><a class=\"icon-tiinstagram\" href=\"https:\/\/www.instagram.com\/alejandrosirvent\/#\" target=\"_blank\"><i class=\"icon ti-instagram\"><\/i><\/a><\/li>\t<\/ul>\t\n        <\/div>\n    <\/div>\n<\/div><\/div><div class=\"row\"><\/div><\/div>[\/vc_column][\/vc_row]<\/p>\n<\/div>","protected":false},"excerpt":{"rendered":"<p>[vc_row tlg_padding=&#8221;pt0 pb0&#8243; css=&#8221;.vc_custom_1759696966146{padding-top: 50px !important;}&#8221;][vc_column][vc_column_text css=&#8221;&#8221;] The FDB\u2019s Board of Trustees makes decisions and ensures&#8230;<\/p>\n","protected":false},"author":1,"featured_media":5138,"parent":0,"menu_order":0,"comment_status":"closed","ping_status":"closed","template":"","meta":{"give_campaign_id":0,"footnotes":""},"class_list":["post-4697","page","type-page","status-publish","has-post-thumbnail","hentry"],"campaignId":"","_links":{"self":[{"href":"https:\/\/pruebas.fdbible.org\/en\/wp-json\/wp\/v2\/pages\/4697","targetHints":{"allow":["GET"]}}],"collection":[{"href":"https:\/\/pruebas.fdbible.org\/en\/wp-json\/wp\/v2\/pages"}],"about":[{"href":"https:\/\/pruebas.fdbible.org\/en\/wp-json\/wp\/v2\/types\/page"}],"author":[{"embeddable":true,"href":"https:\/\/pruebas.fdbible.org\/en\/wp-json\/wp\/v2\/users\/1"}],"replies":[{"embeddable":true,"href":"https:\/\/pruebas.fdbible.org\/en\/wp-json\/wp\/v2\/comments?post=4697"}],"version-history":[{"count":1,"href":"https:\/\/pruebas.fdbible.org\/en\/wp-json\/wp\/v2\/pages\/4697\/revisions"}],"predecessor-version":[{"id":4754,"href":"https:\/\/pruebas.fdbible.org\/en\/wp-json\/wp\/v2\/pages\/4697\/revisions\/4754"}],"wp:featuredmedia":[{"embeddable":true,"href":"https:\/\/pruebas.fdbible.org\/en\/wp-json\/wp\/v2\/media\/5138"}],"wp:attachment":[{"href":"https:\/\/pruebas.fdbible.org\/en\/wp-json\/wp\/v2\/media?parent=4697"}],"curies":[{"name":"wp","href":"https:\/\/api.w.org\/{rel}","templated":true}]}}